{"id":78,"date":"2021-07-01T19:28:56","date_gmt":"2021-07-01T19:28:56","guid":{"rendered":"https:\/\/jetzterstrechtpositi.live-website.com\/?page_id=78"},"modified":"2026-03-26T21:16:08","modified_gmt":"2026-03-26T21:16:08","slug":"positiv-leben","status":"publish","type":"page","link":"https:\/\/jetzt-erst-recht.info\/en\/positiv-leben\/","title":{"rendered":"the positive way of life"},"content":{"rendered":"<div data-elementor-type=\"wp-page\" data-elementor-id=\"78\" class=\"elementor elementor-78\">\n\t\t\t\t\t\t<section class=\"elementor-section elementor-top-section elementor-element elementor-element-3741d335 elementor-section-content-middle elementor-section-height-min-height elementor-section-boxed elementor-section-height-default elementor-section-items-middle\" data-id=\"3741d335\" data-element_type=\"section\" data-e-type=\"section\" data-settings=\"{&quot;background_background&quot;:&quot;classic&quot;}\">\n\t\t\t\t\t\t\t<div class=\"elementor-background-overlay\"><\/div>\n\t\t\t\t\t\t\t<div class=\"elementor-container elementor-column-gap-narrow\">\n\t\t\t\t\t<div class=\"elementor-column elementor-col-100 elementor-top-column elementor-element elementor-element-ed5dad4\" data-id=\"ed5dad4\" data-element_type=\"column\" data-e-type=\"column\">\n\t\t\t<div class=\"elementor-widget-wrap elementor-element-populated\">\n\t\t\t\t\t\t<div class=\"elementor-element elementor-element-6b6df8f elementor-widget elementor-widget-heading\" data-id=\"6b6df8f\" data-element_type=\"widget\" data-e-type=\"widget\" data-widget_type=\"heading.default\">\n\t\t\t\t<div class=\"elementor-widget-container\">\n\t\t\t\t\t<h3 class=\"elementor-heading-title elementor-size-default\">the positive way of life<\/h3>\t\t\t\t<\/div>\n\t\t\t\t<\/div>\n\t\t\t\t<div class=\"elementor-element elementor-element-0b3f5a7 elementor-widget elementor-widget-heading\" data-id=\"0b3f5a7\" data-element_type=\"widget\" data-e-type=\"widget\" data-widget_type=\"heading.default\">\n\t\t\t\t<div class=\"elementor-widget-container\">\n\t\t\t\t\t<h2 class=\"elementor-heading-title elementor-size-default\">\"The most common way people waste their powers is by thinking they don't have any.\" <p>\n\nAlice Walker\n<\/h2>\t\t\t\t<\/div>\n\t\t\t\t<\/div>\n\t\t\t\t\t<\/div>\n\t\t<\/div>\n\t\t\t\t\t<\/div>\n\t\t<\/section>\n\t\t\t\t<section class=\"elementor-section elementor-top-section elementor-element elementor-element-1dc0baf4 elementor-section-boxed elementor-section-height-default elementor-section-height-default\" data-id=\"1dc0baf4\" data-element_type=\"section\" data-e-type=\"section\" data-settings=\"{&quot;background_background&quot;:&quot;gradient&quot;}\">\n\t\t\t\t\t\t<div class=\"elementor-container elementor-column-gap-default\">\n\t\t\t\t\t<div class=\"elementor-column elementor-col-100 elementor-top-column elementor-element elementor-element-44cabb44\" data-id=\"44cabb44\" data-element_type=\"column\" data-e-type=\"column\">\n\t\t\t<div class=\"elementor-widget-wrap elementor-element-populated\">\n\t\t\t\t\t\t<div class=\"elementor-element elementor-element-68e8885 elementor-widget elementor-widget-heading\" data-id=\"68e8885\" data-element_type=\"widget\" data-e-type=\"widget\" data-widget_type=\"heading.default\">\n\t\t\t\t<div class=\"elementor-widget-container\">\n\t\t\t\t\t<h2 class=\"elementor-heading-title elementor-size-default\">Positive Gedanken und Impulse<\/h2>\t\t\t\t<\/div>\n\t\t\t\t<\/div>\n\t\t\t\t<div class=\"elementor-element elementor-element-29f23595 elementor-widget elementor-widget-text-editor\" data-id=\"29f23595\" data-element_type=\"widget\" data-e-type=\"widget\" data-widget_type=\"text-editor.default\">\n\t\t\t\t<div class=\"elementor-widget-container\">\n\t\t\t\t\t\t\t\t\t<blockquote><p><span style=\"color: #000000;\"><em><span style=\"font-size: 14pt;\">\"Today I no longer say: I am sick. But rather: A part of me is sick, but much more is healthy...I think about how I can make the healthy part of me strong. I have not become an enemy of conventional medicine, no, I benefit from it. But I believe that drug therapy needs to be supplemented, by yoga, meditation or prayer. Silence. Shutting down. Learning to recover. Learning to let go. I realize that it's not just doors that have closed. I can go new ways.\"<\/span><\/em><\/span><br \/><span style=\"color: #000000;\"><em><span style=\"font-size: 14pt;\">Stefan Berg (editor at Spiegel and himself suffering from Parkinson's disease), excerpt from: \"I can go new ways.\" SPIEGEL WISSEN 4\/2013\u00a0<\/span><\/em><\/span><\/p><\/blockquote><p><span style=\"font-size: 14pt;\">Shortly after the diagnosis, I read this interview with Stefan Berg and this passage made a lasting impression on me. I remember thinking, \"I want to get there too, to feel whole and healthy despite the disease.\"<\/span><\/p><p><span style=\"font-size: 14pt;\">As we all know, with Parkinson's and the changing symptoms, it is not possible to feel this way every day or every hour. <\/span><br \/><span style=\"font-size: 14pt;\">But no healthy person can do that either! Ideals are not there to achieve them, but to give direction to one's own path. <\/span><br \/><span style=\"font-size: 14pt;\">I am convinced that each and every one of us can actively influence the course of our disease. The trick is to actually believe this and to live accordingly. I don't want to claim that I have already achieved this, but I am guided by a quote: \"You have received the diagnosis - but the prognosis is in your hands\". <\/span><br \/><span style=\"font-size: 14pt;\">And finally - as strange as it may seem at first - every illness also has its positive sides. It offers the chance to clean up one's own life a bit, to let go of what no longer serves one's purpose, to confidently throw questionable things like perfectionism and multitasking overboard, and to no longer postpone wishes and dreams.<\/span><br \/><span style=\"font-size: 14pt;\">Above all, it's about all of us doing much more often what children accomplish with ease - simply living here and now.<\/span><br \/><span style=\"font-size: 14pt;\">Because in the end, none of us - whether sick or healthy - knows what tomorrow will bring.<\/span><br \/><span style=\"font-size: 14pt;\">With this in mind, let's make the most of today and really start living. <\/span><br \/><span style=\"font-size: 14pt;\">The podcast and this website are meant to be an inspriration for this.<\/span><\/p>\t\t\t\t\t\t\t\t<\/div>\n\t\t\t\t<\/div>\n\t\t\t\t\t<\/div>\n\t\t<\/div>\n\t\t\t\t\t<\/div>\n\t\t<\/section>\n\t\t\t\t<section class=\"elementor-section elementor-top-section elementor-element elementor-element-b4bbdfd elementor-section-boxed elementor-section-height-default elementor-section-height-default\" data-id=\"b4bbdfd\" data-element_type=\"section\" data-e-type=\"section\" data-settings=\"{&quot;background_background&quot;:&quot;gradient&quot;}\">\n\t\t\t\t\t\t<div class=\"elementor-container elementor-column-gap-default\">\n\t\t\t\t\t<div class=\"elementor-column elementor-col-100 elementor-top-column elementor-element elementor-element-d016830\" data-id=\"d016830\" data-element_type=\"column\" data-e-type=\"column\">\n\t\t\t<div class=\"elementor-widget-wrap elementor-element-populated\">\n\t\t\t\t\t\t<div class=\"elementor-element elementor-element-54c544c elementor-widget elementor-widget-heading\" data-id=\"54c544c\" data-element_type=\"widget\" data-e-type=\"widget\" data-widget_type=\"heading.default\">\n\t\t\t\t<div class=\"elementor-widget-container\">\n\t\t\t\t\t<h2 class=\"elementor-heading-title elementor-size-default\">Selbsthilfe Vielfalt von A-Z<\/h2>\t\t\t\t<\/div>\n\t\t\t\t<\/div>\n\t\t\t\t<div class=\"elementor-element elementor-element-08692a5 elementor-widget elementor-widget-text-editor\" data-id=\"08692a5\" data-element_type=\"widget\" data-e-type=\"widget\" data-widget_type=\"text-editor.default\">\n\t\t\t\t<div class=\"elementor-widget-container\">\n\t\t\t\t\t\t\t\t\t<p><span style=\"font-size: 14pt;\">Diese Auflistung erth\u00e4lt ausgew\u00e4hlte Initiativen, Selbsthilfeorganisationen und Stiftungen, die f\u00fcr Menschen mit Parkinson Begleitung, fachlich fundierte Informatioen und Unterst\u00fctzung anbieten. Die Darstellung ist keineswegs abschlie\u00dfend. Sie soll vielmehr Anregungen bieten, die Vielfalt der Parkinson-Selbsthilfe je nach Bedarf und Interesse zu nutzen. Die Informationen und Links wurden nach bestem Wissen zusammengestellt. Fehler sind jedoch nicht auszuschlie\u00dfen. Die erkl\u00e4renden Texte entstanden in Absprache mit den jeweiligen Selbsthilfegruppen.\u00a0<\/span><\/p>\t\t\t\t\t\t\t\t<\/div>\n\t\t\t\t<\/div>\n\t\t\t\t<div class=\"elementor-element elementor-element-ef4ad7a elementor-align-center elementor-widget elementor-widget-button\" data-id=\"ef4ad7a\" data-element_type=\"widget\" data-e-type=\"widget\" data-widget_type=\"button.default\">\n\t\t\t\t<div class=\"elementor-widget-container\">\n\t\t\t\t\t\t\t\t\t<div class=\"elementor-button-wrapper\">\n\t\t\t\t\t<a class=\"elementor-button elementor-button-link elementor-size-sm\" href=\"https:\/\/jetzt-erst-recht.info\/wp-content\/uploads\/2025\/08\/Selbsthilfe-Vielfalt-14.12.2024.pdf\">\n\t\t\t\t\t\t<span class=\"elementor-button-content-wrapper\">\n\t\t\t\t\t\t\t\t\t<span class=\"elementor-button-text\">zur Selbsthilfe-Liste von A-Z<\/span>\n\t\t\t\t\t<\/span>\n\t\t\t\t\t<\/a>\n\t\t\t\t<\/div>\n\t\t\t\t\t\t\t\t<\/div>\n\t\t\t\t<\/div>\n\t\t\t\t<div class=\"elementor-element elementor-element-5cb0d65 elementor-widget elementor-widget-text-editor\" data-id=\"5cb0d65\" data-element_type=\"widget\" data-e-type=\"widget\" data-widget_type=\"text-editor.default\">\n\t\t\t\t<div class=\"elementor-widget-container\">\n\t\t\t\t\t\t\t\t\t<p><span style=\"font-size: 14pt;\">Mein Wunsch ist, dass diese Liste stetig w\u00e4chst. M\u00f6glichst viele Angebote f\u00fcr Menschen mit Parkinson und ihre Angeh\u00f6rigen sollen hier auffindbar und wohnortnah nutzbar sein.<\/span><\/p><p><span style=\"font-size: 14pt;\">Weitere Selbsthilfe-Initiativen k\u00f6nnen sich gerne melden und sie k\u00f6nnen nach Pr\u00fcfung gerne hinzugef\u00fcgt werden. Dazu bitte eine E-Mail senden an: kontakt(at)jetzt-erst-recht.info<\/span><\/p>\t\t\t\t\t\t\t\t<\/div>\n\t\t\t\t<\/div>\n\t\t\t\t\t<\/div>\n\t\t<\/div>\n\t\t\t\t\t<\/div>\n\t\t<\/section>\n\t\t\t\t<section class=\"elementor-section elementor-top-section elementor-element elementor-element-4b4472bc elementor-section-boxed elementor-section-height-default elementor-section-height-default\" data-id=\"4b4472bc\" data-element_type=\"section\" data-e-type=\"section\" data-settings=\"{&quot;background_background&quot;:&quot;gradient&quot;}\">\n\t\t\t\t\t\t<div class=\"elementor-container elementor-column-gap-default\">\n\t\t\t\t\t<div class=\"elementor-column elementor-col-100 elementor-top-column elementor-element elementor-element-26760897\" data-id=\"26760897\" data-element_type=\"column\" data-e-type=\"column\">\n\t\t\t<div class=\"elementor-widget-wrap elementor-element-populated\">\n\t\t\t\t\t\t<div class=\"elementor-element elementor-element-751f5fb elementor-widget elementor-widget-heading\" data-id=\"751f5fb\" data-element_type=\"widget\" data-e-type=\"widget\" data-widget_type=\"heading.default\">\n\t\t\t\t<div class=\"elementor-widget-container\">\n\t\t\t\t\t<h3 class=\"elementor-heading-title elementor-size-default\">contact<\/h3>\t\t\t\t<\/div>\n\t\t\t\t<\/div>\n\t\t\t\t<div class=\"elementor-element elementor-element-723f101f elementor-widget elementor-widget-testimonial\" data-id=\"723f101f\" data-element_type=\"widget\" data-e-type=\"widget\" data-widget_type=\"testimonial.default\">\n\t\t\t\t<div class=\"elementor-widget-container\">\n\t\t\t\t\t\t\t<div class=\"elementor-testimonial-wrapper\">\n\t\t\t\t\t\t\t<div class=\"elementor-testimonial-content\">I am happy to hear from you!\n<\/div>\n\t\t\t\n\t\t\t\t\t\t<div class=\"elementor-testimonial-meta elementor-has-image elementor-testimonial-image-position-top\">\n\t\t\t\t<div class=\"elementor-testimonial-meta-inner\">\n\t\t\t\t\t\t\t\t\t\t\t<div class=\"elementor-testimonial-image\">\n\t\t\t\t\t\t\t<img decoding=\"async\" width=\"201\" height=\"192\" src=\"https:\/\/jetzt-erst-recht.info\/wp-content\/uploads\/2021\/07\/Logo-1.png\" class=\"attachment-full size-full wp-image-134\" alt=\"\" \/>\t\t\t\t\t\t<\/div>\n\t\t\t\t\t\n\t\t\t\t\t\t\t\t\t\t<div class=\"elementor-testimonial-details\">\n\t\t\t\t\t\t\t\t\t\t\t\t\t\t<div class=\"elementor-testimonial-name\">kontakt(at)jetzt-erst-recht.info<\/div>\n\t\t\t\t\t\t\t\t\t\t\t\t\t\t\t\t\t\t\t<\/div>\n\t\t\t\t\t\t\t\t\t<\/div>\n\t\t\t<\/div>\n\t\t\t\t\t<\/div>\n\t\t\t\t\t\t<\/div>\n\t\t\t\t<\/div>\n\t\t\t\t\t<\/div>\n\t\t<\/div>\n\t\t\t\t\t<\/div>\n\t\t<\/section>\n\t\t\t\t<\/div>","protected":false},"excerpt":{"rendered":"<p>Positiv leben \u201eDie h\u00e4ufigste Art, wie Menschen ihre Kr\u00e4fte verschwenden ist, indem sie denken, sie h\u00e4tten keine.\u201c Alice Walker Positive Gedanken und Impulse &#8220;Heute sage ich nicht mehr: Ich bin krank. Sondern: Ein Teil von mir ist krank, aber viel mehr ist gesund&#8230;Ich \u00fcberlege, wie ich den gesunden Teil in mir stark machen kann. Ich [&hellip;]<\/p>\n","protected":false},"author":1,"featured_media":0,"parent":0,"menu_order":0,"comment_status":"closed","ping_status":"closed","template":"","meta":{"ocean_post_layout":"full-screen","ocean_both_sidebars_style":"","ocean_both_sidebars_content_width":0,"ocean_both_sidebars_sidebars_width":0,"ocean_sidebar":"0","ocean_second_sidebar":"0","ocean_disable_margins":"enable","ocean_add_body_class":"","ocean_shortcode_before_top_bar":"","ocean_shortcode_after_top_bar":"","ocean_shortcode_before_header":"","ocean_shortcode_after_header":"","ocean_has_shortcode":"","ocean_shortcode_after_title":"","ocean_shortcode_before_footer_widgets":"","ocean_shortcode_after_footer_widgets":"","ocean_shortcode_before_footer_bottom":"","ocean_shortcode_after_footer_bottom":"","ocean_display_top_bar":"off","ocean_display_header":"on","ocean_header_style":"","ocean_center_header_left_menu":"0","ocean_custom_header_template":"0","ocean_custom_logo":0,"ocean_custom_retina_logo":0,"ocean_custom_logo_max_width":0,"ocean_custom_logo_tablet_max_width":0,"ocean_custom_logo_mobile_max_width":0,"ocean_custom_logo_max_height":0,"ocean_custom_logo_tablet_max_height":0,"ocean_custom_logo_mobile_max_height":0,"ocean_header_custom_menu":"0","ocean_menu_typo_font_family":"0","ocean_menu_typo_font_subset":"","ocean_menu_typo_font_size":0,"ocean_menu_typo_font_size_tablet":0,"ocean_menu_typo_font_size_mobile":0,"ocean_menu_typo_font_size_unit":"px","ocean_menu_typo_font_weight":"","ocean_menu_typo_font_weight_tablet":"","ocean_menu_typo_font_weight_mobile":"","ocean_menu_typo_transform":"","ocean_menu_typo_transform_tablet":"","ocean_menu_typo_transform_mobile":"","ocean_menu_typo_line_height":0,"ocean_menu_typo_line_height_tablet":0,"ocean_menu_typo_line_height_mobile":0,"ocean_menu_typo_line_height_unit":"","ocean_menu_typo_spacing":0,"ocean_menu_typo_spacing_tablet":0,"ocean_menu_typo_spacing_mobile":0,"ocean_menu_typo_spacing_unit":"","ocean_menu_link_color":"","ocean_menu_link_color_hover":"","ocean_menu_link_color_active":"","ocean_menu_link_background":"","ocean_menu_link_hover_background":"","ocean_menu_link_active_background":"","ocean_menu_social_links_bg":"","ocean_menu_social_hover_links_bg":"","ocean_menu_social_links_color":"","ocean_menu_social_hover_links_color":"","ocean_disable_title":"on","ocean_disable_heading":"default","ocean_post_title":"","ocean_post_subheading":"","ocean_post_title_style":"","ocean_post_title_background_color":"","ocean_post_title_background":0,"ocean_post_title_bg_image_position":"","ocean_post_title_bg_image_attachment":"","ocean_post_title_bg_image_repeat":"","ocean_post_title_bg_image_size":"","ocean_post_title_height":0,"ocean_post_title_bg_overlay":0.5,"ocean_post_title_bg_overlay_color":"","ocean_disable_breadcrumbs":"default","ocean_breadcrumbs_color":"","ocean_breadcrumbs_separator_color":"","ocean_breadcrumbs_links_color":"","ocean_breadcrumbs_links_hover_color":"","ocean_display_footer_widgets":"off","ocean_display_footer_bottom":"default","ocean_custom_footer_template":"0","footnotes":""},"class_list":["post-78","page","type-page","status-publish","hentry","entry"],"_links":{"self":[{"href":"https:\/\/jetzt-erst-recht.info\/en\/wp-json\/wp\/v2\/pages\/78","targetHints":{"allow":["GET"]}}],"collection":[{"href":"https:\/\/jetzt-erst-recht.info\/en\/wp-json\/wp\/v2\/pages"}],"about":[{"href":"https:\/\/jetzt-erst-recht.info\/en\/wp-json\/wp\/v2\/types\/page"}],"author":[{"embeddable":true,"href":"https:\/\/jetzt-erst-recht.info\/en\/wp-json\/wp\/v2\/users\/1"}],"replies":[{"embeddable":true,"href":"https:\/\/jetzt-erst-recht.info\/en\/wp-json\/wp\/v2\/comments?post=78"}],"version-history":[{"count":131,"href":"https:\/\/jetzt-erst-recht.info\/en\/wp-json\/wp\/v2\/pages\/78\/revisions"}],"predecessor-version":[{"id":10040,"href":"https:\/\/jetzt-erst-recht.info\/en\/wp-json\/wp\/v2\/pages\/78\/revisions\/10040"}],"wp:attachment":[{"href":"https:\/\/jetzt-erst-recht.info\/en\/wp-json\/wp\/v2\/media?parent=78"}],"curies":[{"name":"wp","href":"https:\/\/api.w.org\/{rel}","templated":true}]}}