{"id":7091,"date":"2024-07-04T19:00:23","date_gmt":"2024-07-04T19:00:23","guid":{"rendered":"https:\/\/jetzt-erst-recht.info\/?page_id=7091"},"modified":"2024-12-29T17:21:23","modified_gmt":"2024-12-29T17:21:23","slug":"12-gib-nie-auf-mit-astrid-breuer","status":"publish","type":"page","link":"https:\/\/jetzt-erst-recht.info\/en\/12-gib-nie-auf-mit-astrid-breuer\/","title":{"rendered":"12 &#8211; Gib nie auf mit Astrid Breuer"},"content":{"rendered":"<div data-elementor-type=\"wp-page\" data-elementor-id=\"7091\" class=\"elementor elementor-7091\">\n\t\t\t\t\t\t<section class=\"elementor-section elementor-top-section elementor-element elementor-element-55563dfe elementor-section-boxed elementor-section-height-default elementor-section-height-default\" data-id=\"55563dfe\" data-element_type=\"section\" data-e-type=\"section\">\n\t\t\t\t\t\t<div class=\"elementor-container elementor-column-gap-default\">\n\t\t\t\t\t<div class=\"elementor-column elementor-col-100 elementor-top-column elementor-element elementor-element-2efc77ff\" data-id=\"2efc77ff\" data-element_type=\"column\" data-e-type=\"column\">\n\t\t\t<div class=\"elementor-widget-wrap elementor-element-populated\">\n\t\t\t\t\t\t<div class=\"elementor-element elementor-element-3af9858f elementor-widget elementor-widget-heading\" data-id=\"3af9858f\" data-element_type=\"widget\" data-e-type=\"widget\" data-widget_type=\"heading.default\">\n\t\t\t\t<div class=\"elementor-widget-container\">\n\t\t\t\t\t<h2 class=\"elementor-heading-title elementor-size-default\">Jetzt erst recht<\/h2>\t\t\t\t<\/div>\n\t\t\t\t<\/div>\n\t\t\t\t<div class=\"elementor-element elementor-element-2f72cf4f elementor-widget elementor-widget-heading\" data-id=\"2f72cf4f\" data-element_type=\"widget\" data-e-type=\"widget\" data-widget_type=\"heading.default\">\n\t\t\t\t<div class=\"elementor-widget-container\">\n\t\t\t\t\t<h2 class=\"elementor-heading-title elementor-size-default\">Positiv leben mit Parkinson <p>Das Buch zum Podcast mit 50 inspirierenden Lebensgeschichten <\/h2>\t\t\t\t<\/div>\n\t\t\t\t<\/div>\n\t\t\t\t\t<\/div>\n\t\t<\/div>\n\t\t\t\t\t<\/div>\n\t\t<\/section>\n\t\t\t\t<section class=\"elementor-section elementor-top-section elementor-element elementor-element-28895d75 elementor-section-boxed elementor-section-height-default elementor-section-height-default\" data-id=\"28895d75\" data-element_type=\"section\" data-e-type=\"section\" data-settings=\"{&quot;background_background&quot;:&quot;classic&quot;}\">\n\t\t\t\t\t\t<div class=\"elementor-container elementor-column-gap-default\">\n\t\t\t\t\t<div class=\"elementor-column elementor-col-50 elementor-top-column elementor-element elementor-element-6d92e880\" data-id=\"6d92e880\" data-element_type=\"column\" data-e-type=\"column\">\n\t\t\t<div class=\"elementor-widget-wrap elementor-element-populated\">\n\t\t\t\t\t\t<div class=\"elementor-element elementor-element-6f1b56ff elementor-widget elementor-widget-image\" data-id=\"6f1b56ff\" data-element_type=\"widget\" data-e-type=\"widget\" data-widget_type=\"image.default\">\n\t\t\t\t<div class=\"elementor-widget-container\">\n\t\t\t\t\t\t\t\t\t\t\t\t\t\t\t<img decoding=\"async\" src=\"https:\/\/jetzt-erst-recht.info\/wp-content\/uploads\/elementor\/thumbs\/Design-ohne-Titel39-qwnzwfxijmrolwitr1r72lm5krvvwoq8tyh3dy5c38.png\" title=\"Design ohne Titel(39)\" alt=\"Design ohne Titel(39)\" loading=\"lazy\" \/>\t\t\t\t\t\t\t\t\t\t\t\t\t\t\t<\/div>\n\t\t\t\t<\/div>\n\t\t\t\t<div class=\"elementor-element elementor-element-3164c47c elementor-widget elementor-widget-text-editor\" data-id=\"3164c47c\" data-element_type=\"widget\" data-e-type=\"widget\" data-widget_type=\"text-editor.default\">\n\t\t\t\t<div class=\"elementor-widget-container\">\n\t\t\t\t\t\t\t\t\t<p><strong><span style=\"font-size: 24pt; font-family: trebuchet ms, geneva, sans-serif; color: #003366;\">Gib nie auf!<\/span><\/strong><\/p>\t\t\t\t\t\t\t\t<\/div>\n\t\t\t\t<\/div>\n\t\t\t\t<div class=\"elementor-element elementor-element-6f518a15 elementor-widget elementor-widget-text-editor\" data-id=\"6f518a15\" data-element_type=\"widget\" data-e-type=\"widget\" data-widget_type=\"text-editor.default\">\n\t\t\t\t<div class=\"elementor-widget-container\">\n\t\t\t\t\t\t\t\t\t<p><span style=\"font-size: 24pt; font-family: trebuchet ms, geneva, sans-serif; color: #003366;\"><span style=\"font-size: 18pt;\">&#8220;Klar, habe ich eine neagtive Diagnose, aber \u00fcber die Jahre erlebe ich auch: Ich w\u00fcrde heute nicht stehen wo ich jetzt bin ohne die Krankheit. Das empfinde ich als positiv!&#8221;<\/span><br \/><\/span><\/p>\t\t\t\t\t\t\t\t<\/div>\n\t\t\t\t<\/div>\n\t\t\t\t\t<\/div>\n\t\t<\/div>\n\t\t\t\t<div class=\"elementor-column elementor-col-50 elementor-top-column elementor-element elementor-element-5f0a4c98\" data-id=\"5f0a4c98\" data-element_type=\"column\" data-e-type=\"column\">\n\t\t\t<div class=\"elementor-widget-wrap elementor-element-populated\">\n\t\t\t\t\t\t<div class=\"elementor-element elementor-element-4b00c6e9 elementor-widget elementor-widget-image\" data-id=\"4b00c6e9\" data-element_type=\"widget\" data-e-type=\"widget\" data-widget_type=\"image.default\">\n\t\t\t\t<div class=\"elementor-widget-container\">\n\t\t\t\t\t\t\t\t\t\t\t\t\t\t\t<img fetchpriority=\"high\" decoding=\"async\" width=\"300\" height=\"300\" src=\"https:\/\/jetzt-erst-recht.info\/wp-content\/uploads\/2024\/11\/1-300x300.png\" class=\"attachment-medium size-medium wp-image-8050\" alt=\"\" srcset=\"https:\/\/jetzt-erst-recht.info\/wp-content\/uploads\/2024\/11\/1-300x300.png 300w, https:\/\/jetzt-erst-recht.info\/wp-content\/uploads\/2024\/11\/1-1024x1024.png 1024w, https:\/\/jetzt-erst-recht.info\/wp-content\/uploads\/2024\/11\/1-150x150.png 150w, https:\/\/jetzt-erst-recht.info\/wp-content\/uploads\/2024\/11\/1-768x768.png 768w, https:\/\/jetzt-erst-recht.info\/wp-content\/uploads\/2024\/11\/1-12x12.png 12w, https:\/\/jetzt-erst-recht.info\/wp-content\/uploads\/2024\/11\/1-600x600.png 600w, https:\/\/jetzt-erst-recht.info\/wp-content\/uploads\/2024\/11\/1.png 1080w\" sizes=\"(max-width: 300px) 100vw, 300px\" \/>\t\t\t\t\t\t\t\t\t\t\t\t\t\t\t<\/div>\n\t\t\t\t<\/div>\n\t\t\t\t\t<\/div>\n\t\t<\/div>\n\t\t\t\t\t<\/div>\n\t\t<\/section>\n\t\t\t\t<section class=\"elementor-section elementor-top-section elementor-element elementor-element-196b31e6 elementor-section-boxed elementor-section-height-default elementor-section-height-default\" data-id=\"196b31e6\" data-element_type=\"section\" data-e-type=\"section\" data-settings=\"{&quot;background_background&quot;:&quot;classic&quot;}\">\n\t\t\t\t\t\t\t<div class=\"elementor-background-overlay\"><\/div>\n\t\t\t\t\t\t\t<div class=\"elementor-container elementor-column-gap-default\">\n\t\t\t\t\t<div class=\"elementor-column elementor-col-50 elementor-top-column elementor-element elementor-element-59b41343\" data-id=\"59b41343\" data-element_type=\"column\" data-e-type=\"column\" data-settings=\"{&quot;background_background&quot;:&quot;classic&quot;}\">\n\t\t\t<div class=\"elementor-widget-wrap elementor-element-populated\">\n\t\t\t\t\t\t<div class=\"elementor-element elementor-element-4e1e2fa9 elementor-view-default elementor-widget elementor-widget-icon\" data-id=\"4e1e2fa9\" data-element_type=\"widget\" data-e-type=\"widget\" data-widget_type=\"icon.default\">\n\t\t\t\t<div class=\"elementor-widget-container\">\n\t\t\t\t\t\t\t<div class=\"elementor-icon-wrapper\">\n\t\t\t<div class=\"elementor-icon\">\n\t\t\t<i aria-hidden=\"true\" class=\"fas fa-volume-down\"><\/i>\t\t\t<\/div>\n\t\t<\/div>\n\t\t\t\t\t\t<\/div>\n\t\t\t\t<\/div>\n\t\t\t\t<div class=\"elementor-element elementor-element-2779c96b elementor-widget elementor-widget-heading\" data-id=\"2779c96b\" data-element_type=\"widget\" data-e-type=\"widget\" data-widget_type=\"heading.default\">\n\t\t\t\t<div class=\"elementor-widget-container\">\n\t\t\t\t\t<h6 class=\"elementor-heading-title elementor-size-default\">Folge anh\u00f6ren<\/h6>\t\t\t\t<\/div>\n\t\t\t\t<\/div>\n\t\t\t\t\t<\/div>\n\t\t<\/div>\n\t\t\t\t<div class=\"elementor-column elementor-col-50 elementor-top-column elementor-element elementor-element-ff8465f\" data-id=\"ff8465f\" data-element_type=\"column\" data-e-type=\"column\">\n\t\t\t<div class=\"elementor-widget-wrap elementor-element-populated\">\n\t\t\t\t\t\t<div class=\"elementor-element elementor-element-7758d6ed elementor-widget elementor-widget-wp-widget-media_audio\" data-id=\"7758d6ed\" data-element_type=\"widget\" data-e-type=\"widget\" data-widget_type=\"wp-widget-media_audio.default\">\n\t\t\t\t<div class=\"elementor-widget-container\">\n\t\t\t\t\t<audio class=\"wp-audio-shortcode\" id=\"audio-7091-1\" preload=\"none\" style=\"width: 100%;\" controls=\"controls\"><source type=\"audio\/mpeg\" src=\"https:\/\/jetzt-erst-recht.info\/wp-content\/uploads\/2021\/07\/Folge-15-Gib-nie-auf-mit-Astrid.mp3?_=1\" \/><source type=\"audio\/mpeg\" src=\"https:\/\/jetzt-erst-recht.info\/wp-content\/uploads\/2021\/07\/Folge-15-Gib-nie-auf-mit-Astrid.mp3?_=1\" \/><a href=\"https:\/\/jetzt-erst-recht.info\/wp-content\/uploads\/2021\/07\/Folge-15-Gib-nie-auf-mit-Astrid.mp3\">https:\/\/jetzt-erst-recht.info\/wp-content\/uploads\/2021\/07\/Folge-15-Gib-nie-auf-mit-Astrid.mp3<\/a><\/audio>\t\t\t\t<\/div>\n\t\t\t\t<\/div>\n\t\t\t\t\t<\/div>\n\t\t<\/div>\n\t\t\t\t\t<\/div>\n\t\t<\/section>\n\t\t\t\t<section class=\"elementor-section elementor-top-section elementor-element elementor-element-494cc03e elementor-section-boxed elementor-section-height-default elementor-section-height-default\" data-id=\"494cc03e\" data-element_type=\"section\" data-e-type=\"section\" data-settings=\"{&quot;background_background&quot;:&quot;classic&quot;}\">\n\t\t\t\t\t\t\t<div class=\"elementor-background-overlay\"><\/div>\n\t\t\t\t\t\t\t<div class=\"elementor-container elementor-column-gap-default\">\n\t\t\t\t\t<div class=\"elementor-column elementor-col-50 elementor-top-column elementor-element elementor-element-75cfa52d\" data-id=\"75cfa52d\" data-element_type=\"column\" data-e-type=\"column\" data-settings=\"{&quot;background_background&quot;:&quot;classic&quot;}\">\n\t\t\t<div class=\"elementor-widget-wrap elementor-element-populated\">\n\t\t\t\t\t\t<div class=\"elementor-element elementor-element-2956f747 elementor-view-default elementor-widget elementor-widget-icon\" data-id=\"2956f747\" data-element_type=\"widget\" data-e-type=\"widget\" data-widget_type=\"icon.default\">\n\t\t\t\t<div class=\"elementor-widget-container\">\n\t\t\t\t\t\t\t<div class=\"elementor-icon-wrapper\">\n\t\t\t<div class=\"elementor-icon\">\n\t\t\t<i aria-hidden=\"true\" class=\"fas fa-user\"><\/i>\t\t\t<\/div>\n\t\t<\/div>\n\t\t\t\t\t\t<\/div>\n\t\t\t\t<\/div>\n\t\t\t\t<div class=\"elementor-element elementor-element-22ade0ce elementor-widget elementor-widget-heading\" data-id=\"22ade0ce\" data-element_type=\"widget\" data-e-type=\"widget\" data-widget_type=\"heading.default\">\n\t\t\t\t<div class=\"elementor-widget-container\">\n\t\t\t\t\t<h6 class=\"elementor-heading-title elementor-size-default\">contact<\/h6>\t\t\t\t<\/div>\n\t\t\t\t<\/div>\n\t\t\t\t\t<\/div>\n\t\t<\/div>\n\t\t\t\t<div class=\"elementor-column elementor-col-50 elementor-top-column elementor-element elementor-element-c543130\" data-id=\"c543130\" data-element_type=\"column\" data-e-type=\"column\">\n\t\t\t<div class=\"elementor-widget-wrap elementor-element-populated\">\n\t\t\t\t\t\t\t<\/div>\n\t\t<\/div>\n\t\t\t\t\t<\/div>\n\t\t<\/section>\n\t\t\t\t<section class=\"elementor-section elementor-top-section elementor-element elementor-element-3e34c783 elementor-section-boxed elementor-section-height-default elementor-section-height-default\" data-id=\"3e34c783\" data-element_type=\"section\" data-e-type=\"section\" data-settings=\"{&quot;background_background&quot;:&quot;classic&quot;}\">\n\t\t\t\t\t\t\t<div class=\"elementor-background-overlay\"><\/div>\n\t\t\t\t\t\t\t<div class=\"elementor-container elementor-column-gap-default\">\n\t\t\t\t\t<div class=\"elementor-column elementor-col-50 elementor-top-column elementor-element elementor-element-814bca3\" data-id=\"814bca3\" data-element_type=\"column\" data-e-type=\"column\" data-settings=\"{&quot;background_background&quot;:&quot;classic&quot;}\">\n\t\t\t<div class=\"elementor-widget-wrap elementor-element-populated\">\n\t\t\t\t\t\t<div class=\"elementor-element elementor-element-37a5165 elementor-view-default elementor-widget elementor-widget-icon\" data-id=\"37a5165\" data-element_type=\"widget\" data-e-type=\"widget\" data-widget_type=\"icon.default\">\n\t\t\t\t<div class=\"elementor-widget-container\">\n\t\t\t\t\t\t\t<div class=\"elementor-icon-wrapper\">\n\t\t\t<div class=\"elementor-icon\">\n\t\t\t<i aria-hidden=\"true\" class=\"fas fa-pencil-alt\"><\/i>\t\t\t<\/div>\n\t\t<\/div>\n\t\t\t\t\t\t<\/div>\n\t\t\t\t<\/div>\n\t\t\t\t<div class=\"elementor-element elementor-element-47de8ef1 elementor-widget elementor-widget-heading\" data-id=\"47de8ef1\" data-element_type=\"widget\" data-e-type=\"widget\" data-widget_type=\"heading.default\">\n\t\t\t\t<div class=\"elementor-widget-container\">\n\t\t\t\t\t<h6 class=\"elementor-heading-title elementor-size-default\">Shownotes<\/h6>\t\t\t\t<\/div>\n\t\t\t\t<\/div>\n\t\t\t\t\t<\/div>\n\t\t<\/div>\n\t\t\t\t<div class=\"elementor-column elementor-col-50 elementor-top-column elementor-element elementor-element-d943ae8\" data-id=\"d943ae8\" data-element_type=\"column\" data-e-type=\"column\">\n\t\t\t<div class=\"elementor-widget-wrap elementor-element-populated\">\n\t\t\t\t\t\t<div class=\"elementor-element elementor-element-7c6e6da7 elementor-widget elementor-widget-text-editor\" data-id=\"7c6e6da7\" data-element_type=\"widget\" data-e-type=\"widget\" data-widget_type=\"text-editor.default\">\n\t\t\t\t<div class=\"elementor-widget-container\">\n\t\t\t\t\t\t\t\t\t<p><span style=\"font-size: 14pt; color: #003366; font-family: trebuchet ms, geneva, sans-serif;\">Astrid ist super sportlich, ungemein positiv und lebenslustig. Daran hat auch die Diagnose Parkinson in 16 Jahren nichts ge\u00e4ndert. Wie Astrid das schafft davon erz\u00e4hlt sie uns in dieser Podcastfolge, in der es um Yoga, Achtsamkeit, Mut und um den Spa\u00df am Leben \u2013 trotz Parkinson \u2013 geht.\u00a0<\/span><br \/><span style=\"font-size: 14pt; color: #003366; font-family: trebuchet ms, geneva, sans-serif;\">H\u00f6r rein und lass dich anstecken von Astrids Lebensfreude \u2013 eine echte Powerfrau!\u00a0<\/span><\/p><p><span style=\"font-size: 14pt; color: #003366; font-family: trebuchet ms, geneva, sans-serif;\">Astrid empfiehlt noch folgende Links:<\/span><\/p><ul><li><span style=\"font-size: 14pt; color: #003366; font-family: trebuchet ms, geneva, sans-serif;\">\u00a0Die Selbsthilfeplattform <a style=\"color: #003366;\" href=\"http:\/\/www.parkins-on-line.de\">www.parkins-on-line.de<\/a> legt sie allen ans Herz, die Lust auf Austausch haben. N\u00e4heres dazu wurde bereit von Gabi Fasshauer in Folge 12 in diesem Podcast berichtet.<\/span><\/li><li><span style=\"font-size: 14pt; color: #003366; font-family: trebuchet ms, geneva, sans-serif;\">Wer aus der Region Ingelheim kommt kann sich hier \u00fcber das tolle Mehrgenerationenhaus <a style=\"color: #003366;\" href=\"http:\/\/www.mgh-Ingelheim.de\">www.mgh-Ingelheim.de<\/a> informieren.<\/span><\/li><li><span style=\"font-size: 14pt; color: #003366; font-family: trebuchet ms, geneva, sans-serif;\">Auf den Seiten der Hilde-Ulrichs-Stiftung gibt es einen interessanten Artikel \u00fcber Yoga und Parkinson, gerne mal reinlesen: <a style=\"color: #003366;\" href=\"https:\/\/www.aktive-parkinsonstiftung.de\/parkinson-informationen\/nicht-medikamentoese-behandlung\/ganzkoerpertraining\/yoga\/\">https:\/\/www.aktive-parkinsonstiftung.de\/parkinson-informationen\/nicht-medikamentoese-behandlung\/ganzkoerpertraining\/yoga\/\u00a0<\/a><\/span><\/li><\/ul>\t\t\t\t\t\t\t\t<\/div>\n\t\t\t\t<\/div>\n\t\t\t\t\t<\/div>\n\t\t<\/div>\n\t\t\t\t\t<\/div>\n\t\t<\/section>\n\t\t\t\t<section class=\"elementor-section elementor-top-section elementor-element elementor-element-1ba3733e elementor-section-boxed elementor-section-height-default elementor-section-height-default\" data-id=\"1ba3733e\" data-element_type=\"section\" data-e-type=\"section\" data-settings=\"{&quot;background_background&quot;:&quot;classic&quot;}\">\n\t\t\t\t\t\t\t<div class=\"elementor-background-overlay\"><\/div>\n\t\t\t\t\t\t\t<div class=\"elementor-container elementor-column-gap-default\">\n\t\t\t\t\t<div class=\"elementor-column elementor-col-50 elementor-top-column elementor-element elementor-element-7ac13378\" data-id=\"7ac13378\" data-element_type=\"column\" data-e-type=\"column\" data-settings=\"{&quot;background_background&quot;:&quot;classic&quot;}\">\n\t\t\t<div class=\"elementor-widget-wrap\">\n\t\t\t\t\t\t\t<\/div>\n\t\t<\/div>\n\t\t\t\t<div class=\"elementor-column elementor-col-50 elementor-top-column elementor-element elementor-element-384de8c6\" data-id=\"384de8c6\" data-element_type=\"column\" data-e-type=\"column\">\n\t\t\t<div class=\"elementor-widget-wrap elementor-element-populated\">\n\t\t\t\t\t\t<div class=\"elementor-element elementor-element-59e53f64 elementor-widget elementor-widget-heading\" data-id=\"59e53f64\" data-element_type=\"widget\" data-e-type=\"widget\" data-widget_type=\"heading.default\">\n\t\t\t\t<div class=\"elementor-widget-container\">\n\t\t\t\t\t<h2 class=\"elementor-heading-title elementor-size-default\">Pass' gut auf dich auf und bleib positiv! <\/h2>\t\t\t\t<\/div>\n\t\t\t\t<\/div>\n\t\t\t\t<div class=\"elementor-element elementor-element-11c97e1 elementor-widget elementor-widget-image\" data-id=\"11c97e1\" data-element_type=\"widget\" data-e-type=\"widget\" data-widget_type=\"image.default\">\n\t\t\t\t<div class=\"elementor-widget-container\">\n\t\t\t\t\t\t\t\t\t\t\t\t\t\t\t<img decoding=\"async\" src=\"https:\/\/jetzt-erst-recht.info\/wp-content\/uploads\/elementor\/thumbs\/Design-ohne-Titel39-qwnzwfxijmrolwitr1r72lm5krvvwoq8tyh3dy5c38.png\" title=\"Design ohne Titel(39)\" alt=\"Design ohne Titel(39)\" loading=\"lazy\" \/>\t\t\t\t\t\t\t\t\t\t\t\t\t\t\t<\/div>\n\t\t\t\t<\/div>\n\t\t\t\t\t<\/div>\n\t\t<\/div>\n\t\t\t\t\t<\/div>\n\t\t<\/section>\n\t\t\t\t<\/div>","protected":false},"excerpt":{"rendered":"<p>Jetzt erst recht Positiv leben mit Parkinson Das Buch zum Podcast mit 50 inspirierenden Lebensgeschichten Gib nie auf! &#8220;Klar, habe ich eine neagtive Diagnose, aber \u00fcber die Jahre erlebe ich auch: Ich w\u00fcrde heute nicht stehen wo ich jetzt bin ohne die Krankheit. Das empfinde ich als positiv!&#8221; Folge anh\u00f6ren Kontakt Shownotes Astrid ist super [&hellip;]<\/p>\n","protected":false},"author":1,"featured_media":0,"parent":0,"menu_order":0,"comment_status":"closed","ping_status":"closed","template":"","meta":{"ocean_post_layout":"full-screen","ocean_both_sidebars_style":"","ocean_both_sidebars_content_width":0,"ocean_both_sidebars_sidebars_width":0,"ocean_sidebar":"","ocean_second_sidebar":"","ocean_disable_margins":"on","ocean_add_body_class":"","ocean_shortcode_before_top_bar":"","ocean_shortcode_after_top_bar":"","ocean_shortcode_before_header":"","ocean_shortcode_after_header":"","ocean_has_shortcode":"","ocean_shortcode_after_title":"","ocean_shortcode_before_footer_widgets":"","ocean_shortcode_after_footer_widgets":"","ocean_shortcode_before_footer_bottom":"","ocean_shortcode_after_footer_bottom":"","ocean_display_top_bar":"off","ocean_display_header":"off","ocean_header_style":"","ocean_center_header_left_menu":"","ocean_custom_header_template":"","ocean_custom_logo":0,"ocean_custom_retina_logo":0,"ocean_custom_logo_max_width":0,"ocean_custom_logo_tablet_max_width":0,"ocean_custom_logo_mobile_max_width":0,"ocean_custom_logo_max_height":0,"ocean_custom_logo_tablet_max_height":0,"ocean_custom_logo_mobile_max_height":0,"ocean_header_custom_menu":"","ocean_menu_typo_font_family":"","ocean_menu_typo_font_subset":"","ocean_menu_typo_font_size":0,"ocean_menu_typo_font_size_tablet":0,"ocean_menu_typo_font_size_mobile":0,"ocean_menu_typo_font_size_unit":"px","ocean_menu_typo_font_weight":"","ocean_menu_typo_font_weight_tablet":"","ocean_menu_typo_font_weight_mobile":"","ocean_menu_typo_transform":"","ocean_menu_typo_transform_tablet":"","ocean_menu_typo_transform_mobile":"","ocean_menu_typo_line_height":0,"ocean_menu_typo_line_height_tablet":0,"ocean_menu_typo_line_height_mobile":0,"ocean_menu_typo_line_height_unit":"","ocean_menu_typo_spacing":0,"ocean_menu_typo_spacing_tablet":0,"ocean_menu_typo_spacing_mobile":0,"ocean_menu_typo_spacing_unit":"","ocean_menu_link_color":"","ocean_menu_link_color_hover":"","ocean_menu_link_color_active":"","ocean_menu_link_background":"","ocean_menu_link_hover_background":"","ocean_menu_link_active_background":"","ocean_menu_social_links_bg":"","ocean_menu_social_hover_links_bg":"","ocean_menu_social_links_color":"","ocean_menu_social_hover_links_color":"","ocean_disable_title":"on","ocean_disable_heading":"default","ocean_post_title":"","ocean_post_subheading":"","ocean_post_title_style":"","ocean_post_title_background_color":"","ocean_post_title_background":0,"ocean_post_title_bg_image_position":"","ocean_post_title_bg_image_attachment":"","ocean_post_title_bg_image_repeat":"","ocean_post_title_bg_image_size":"","ocean_post_title_height":0,"ocean_post_title_bg_overlay":0.5,"ocean_post_title_bg_overlay_color":"","ocean_disable_breadcrumbs":"default","ocean_breadcrumbs_color":"","ocean_breadcrumbs_separator_color":"","ocean_breadcrumbs_links_color":"","ocean_breadcrumbs_links_hover_color":"","ocean_display_footer_widgets":"off","ocean_display_footer_bottom":"off","ocean_custom_footer_template":"","footnotes":""},"class_list":["post-7091","page","type-page","status-publish","hentry","entry"],"_links":{"self":[{"href":"https:\/\/jetzt-erst-recht.info\/en\/wp-json\/wp\/v2\/pages\/7091","targetHints":{"allow":["GET"]}}],"collection":[{"href":"https:\/\/jetzt-erst-recht.info\/en\/wp-json\/wp\/v2\/pages"}],"about":[{"href":"https:\/\/jetzt-erst-recht.info\/en\/wp-json\/wp\/v2\/types\/page"}],"author":[{"embeddable":true,"href":"https:\/\/jetzt-erst-recht.info\/en\/wp-json\/wp\/v2\/users\/1"}],"replies":[{"embeddable":true,"href":"https:\/\/jetzt-erst-recht.info\/en\/wp-json\/wp\/v2\/comments?post=7091"}],"version-history":[{"count":22,"href":"https:\/\/jetzt-erst-recht.info\/en\/wp-json\/wp\/v2\/pages\/7091\/revisions"}],"predecessor-version":[{"id":8689,"href":"https:\/\/jetzt-erst-recht.info\/en\/wp-json\/wp\/v2\/pages\/7091\/revisions\/8689"}],"wp:attachment":[{"href":"https:\/\/jetzt-erst-recht.info\/en\/wp-json\/wp\/v2\/media?parent=7091"}],"curies":[{"name":"wp","href":"https:\/\/api.w.org\/{rel}","templated":true}]}}